{"id":2,"date":"2025-08-05T18:35:45","date_gmt":"2025-08-05T16:35:45","guid":{"rendered":"http:\/\/192.168.1.83\/?page_id=2"},"modified":"2025-08-09T14:06:46","modified_gmt":"2025-08-09T12:06:46","slug":"page-d-exemple","status":"publish","type":"page","link":"https:\/\/achille64.freeboxos.fr\/","title":{"rendered":"Accueil"},"content":{"rendered":"\n<p>Bienvenue sur notre petit coin de bonheur !<br><br>Nous sommes ravis de vous accueillir ici, dans cet espace sp\u00e9cialement cr\u00e9\u00e9 pour partager les moments pr\u00e9cieux d&rsquo;Achille. Chaque sourire, chaque d\u00e9couverte, chaque instant de tendresse est captur\u00e9 pour vous, nos proches, qui faites partie int\u00e9grante de cette merveilleuse aventure.<br><br>Sur ce site, vous trouverez des photos qui racontent l&rsquo;histoire d&rsquo;Achille au fil des jours. Des premiers instants, de la maison aux d\u00e9couvertes du monde qui l&rsquo;entoure, chaque image est un tr\u00e9sor que nous sommes heureux de partager avec vous.<\/p>\n\n\n\n<div class=\"wp-block-columns is-layout-flex wp-container-core-columns-is-layout-28f84493 wp-block-columns-is-layout-flex\">\n<div class=\"wp-block-column is-layout-flow wp-block-column-is-layout-flow\"><\/div>\n\n\n\n<div class=\"wp-block-column is-layout-flow wp-block-column-is-layout-flow\">\n<figure class=\"wp-block-image size-large\"><img loading=\"lazy\" decoding=\"async\" width=\"683\" height=\"1024\" src=\"http:\/\/192.168.1.83\/test\/wp-content\/uploads\/2025\/08\/IMG_1664-683x1024.jpg\" alt=\"\" class=\"wp-image-107\" srcset=\"https:\/\/achille64.freeboxos.fr\/wp-content\/uploads\/2025\/08\/IMG_1664-683x1024.jpg 683w, https:\/\/achille64.freeboxos.fr\/wp-content\/uploads\/2025\/08\/IMG_1664-200x300.jpg 200w, https:\/\/achille64.freeboxos.fr\/wp-content\/uploads\/2025\/08\/IMG_1664-768x1151.jpg 768w, https:\/\/achille64.freeboxos.fr\/wp-content\/uploads\/2025\/08\/IMG_1664.jpg 854w\" sizes=\"auto, (max-width: 683px) 100vw, 683px\" \/><\/figure>\n<\/div>\n\n\n\n<div class=\"wp-block-column is-layout-flow wp-block-column-is-layout-flow\"><\/div>\n<\/div>\n\n\n\n<p><br>N&rsquo;h\u00e9sitez pas \u00e0 revenir souvent pour voir les nouvelles photos et suivre la croissance d&rsquo;Achille. Vos commentaires et vos messages nous touchent profond\u00e9ment et nous rappellent \u00e0 quel point nous sommes entour\u00e9s d&rsquo;amour.<br><br>Merci d&rsquo;\u00eatre l\u00e0, \u00e0 nos c\u00f4t\u00e9s, pour c\u00e9l\u00e9brer chaque \u00e9tape de cette incroyable aventure qu&rsquo;est la vie d&rsquo;Achille<br><br>Avec tout notre amour,<br><br>Elodie et Benjamin<br><br>P.S. Commentaire d&rsquo;Achille : De toute fa\u00e7on, ils ne montreront que ce qu&rsquo;ils veulent, pas forc\u00e9ment ce que je voudrais voir ici, surtout mes d\u00e9rapages&#8230;<\/p>\n","protected":false},"excerpt":{"rendered":"<p>Bienvenue sur notre petit coin de bonheur ! Nous sommes ravis de vous accueillir ici, dans cet espace sp\u00e9cialement cr\u00e9\u00e9 [&hellip;]<\/p>\n","protected":false},"author":1,"featured_media":0,"parent":0,"menu_order":0,"comment_status":"closed","ping_status":"open","template":"","meta":{"site-sidebar-layout":"default","site-content-layout":"","ast-site-content-layout":"default","site-content-style":"default","site-sidebar-style":"default","ast-global-header-display":"","ast-banner-title-visibility":"","ast-main-header-display":"","ast-hfb-above-header-display":"","ast-hfb-below-header-display":"","ast-hfb-mobile-header-display":"","site-post-title":"","ast-breadcrumbs-content":"","ast-featured-img":"","footer-sml-layout":"","theme-transparent-header-meta":"","adv-header-id-meta":"","stick-header-meta":"","header-above-stick-meta":"","header-main-stick-meta":"","header-below-stick-meta":"","astra-migrate-meta-layouts":"default","ast-page-background-enabled":"default","ast-page-background-meta":{"desktop":{"background-color":"var(--ast-global-color-5)","background-image":"","background-repeat":"repeat","background-position":"center center","background-size":"auto","background-attachment":"scroll","background-type":"","background-media":"","overlay-type":"","overlay-color":"","overlay-opacity":"","overlay-gradient":""},"tablet":{"background-color":"","background-image":"","background-repeat":"repeat","background-position":"center center","background-size":"auto","background-attachment":"scroll","background-type":"","background-media":"","overlay-type":"","overlay-color":"","overlay-opacity":"","overlay-gradient":""},"mobile":{"background-color":"","background-image":"","background-repeat":"repeat","background-position":"center center","background-size":"auto","background-attachment":"scroll","background-type":"","background-media":"","overlay-type":"","overlay-color":"","overlay-opacity":"","overlay-gradient":""}},"ast-content-background-meta":{"desktop":{"background-color":"var(--ast-global-color-4)","background-image":"","background-repeat":"repeat","background-position":"center center","background-size":"auto","background-attachment":"scroll","background-type":"","background-media":"","overlay-type":"","overlay-color":"","overlay-opacity":"","overlay-gradient":""},"tablet":{"background-color":"var(--ast-global-color-4)","background-image":"","background-repeat":"repeat","background-position":"center center","background-size":"auto","background-attachment":"scroll","background-type":"","background-media":"","overlay-type":"","overlay-color":"","overlay-opacity":"","overlay-gradient":""},"mobile":{"background-color":"var(--ast-global-color-4)","background-image":"","background-repeat":"repeat","background-position":"center center","background-size":"auto","background-attachment":"scroll","background-type":"","background-media":"","overlay-type":"","overlay-color":"","overlay-opacity":"","overlay-gradient":""}},"footnotes":""},"class_list":["post-2","page","type-page","status-publish","hentry"],"_links":{"self":[{"href":"https:\/\/achille64.freeboxos.fr\/index.php\/wp-json\/wp\/v2\/pages\/2","targetHints":{"allow":["GET"]}}],"collection":[{"href":"https:\/\/achille64.freeboxos.fr\/index.php\/wp-json\/wp\/v2\/pages"}],"about":[{"href":"https:\/\/achille64.freeboxos.fr\/index.php\/wp-json\/wp\/v2\/types\/page"}],"author":[{"embeddable":true,"href":"https:\/\/achille64.freeboxos.fr\/index.php\/wp-json\/wp\/v2\/users\/1"}],"replies":[{"embeddable":true,"href":"https:\/\/achille64.freeboxos.fr\/index.php\/wp-json\/wp\/v2\/comments?post=2"}],"version-history":[{"count":4,"href":"https:\/\/achille64.freeboxos.fr\/index.php\/wp-json\/wp\/v2\/pages\/2\/revisions"}],"predecessor-version":[{"id":109,"href":"https:\/\/achille64.freeboxos.fr\/index.php\/wp-json\/wp\/v2\/pages\/2\/revisions\/109"}],"wp:attachment":[{"href":"https:\/\/achille64.freeboxos.fr\/index.php\/wp-json\/wp\/v2\/media?parent=2"}],"curies":[{"name":"wp","href":"https:\/\/api.w.org\/{rel}","templated":true}]}}